{"id":1281,"date":"2020-12-17T17:17:02","date_gmt":"2020-12-17T16:17:02","guid":{"rendered":"http:\/\/www.make-up-artist-melanie.de\/v112020\/impressum\/"},"modified":"2025-10-06T17:11:31","modified_gmt":"2025-10-06T15:11:31","slug":"impressum","status":"publish","type":"page","link":"https:\/\/www.make-up-artist-melanie.de\/v112020\/impressum\/","title":{"rendered":"Impressum"},"content":{"rendered":"<p>Impressum<\/p>\n<p>Angaben gem\u00e4\u00df \u00a7 5 TMG:<br \/>\nMelanie&#8217;s Kosmetik Konzept<br \/>\nMelanie Wildner<br \/>\nSchillerstra\u00dfe 5<br \/>\n63785 Obernburg<\/p>\n<p>Kontakt<br \/>\nTelefon: 06022 \/ 6514686<br \/>\nE-Mail: melanieschuster1979@web.de<\/p>\n<p>EU-Streitschlichtung<br \/>\nDie Europ\u00e4ische Kommission stellt eine Plattform zur Online-Streitbeilegung (OS) bereit:<br \/>\nhttps:\/\/ec.europa.eu\/consumers\/odr.<br \/>\nUnsere E-Mail-Adresse finden Sie oben im Impressum.<\/p>\n<p>Verbraucherstreitbeilegung \/ Universalschlichtungsstelle<br \/>\nWir sind nicht bereit oder verpflichtet, an Streitbeilegungsverfahren vor einer Verbraucherschlichtungsstelle teilzunehmen.<\/p>\n<p>Haftung f\u00fcr Inhalte<br \/>\nAls Diensteanbieter sind wir gem\u00e4\u00df \u00a7 7 Abs.1 TMG f\u00fcr eigene Inhalte auf diesen Seiten nach den allgemeinen Gesetzen verantwortlich.<br \/>\nNach \u00a7\u00a7 8 bis 10 TMG sind wir als Diensteanbieter jedoch nicht verpflichtet, \u00fcbermittelte oder gespeicherte fremde Informationen zu \u00fcberwachen oder nach Umst\u00e4nden zu forschen, die auf eine rechtswidrige T\u00e4tigkeit hinweisen.<br \/>\nVerpflichtungen zur Entfernung oder Sperrung der Nutzung von Informationen nach den allgemeinen Gesetzen bleiben hiervon unber\u00fchrt.<br \/>\nEine diesbez\u00fcgliche Haftung ist jedoch erst ab dem Zeitpunkt der Kenntnis einer konkreten Rechtsverletzung m\u00f6glich.<br \/>\nBei Bekanntwerden von entsprechenden Rechtsverletzungen werden wir diese Inhalte umgehend entfernen.<\/p>\n<p>Haftung f\u00fcr Links<br \/>\nUnser Angebot enth\u00e4lt Links zu externen Websites Dritter, auf deren Inhalte wir keinen Einfluss haben.<br \/>\nDeshalb k\u00f6nnen wir f\u00fcr diese fremden Inhalte auch keine Gew\u00e4hr \u00fcbernehmen.<br \/>\nF\u00fcr die Inhalte der verlinkten Seiten ist stets der jeweilige Anbieter oder Betreiber der Seiten verantwortlich.<br \/>\nDie verlinkten Seiten wurden zum Zeitpunkt der Verlinkung auf m\u00f6gliche Rechtsverst\u00f6\u00dfe \u00fcberpr\u00fcft.<br \/>\nRechtswidrige Inhalte waren zum Zeitpunkt der Verlinkung nicht erkennbar.<br \/>\nEine permanente inhaltliche Kontrolle der verlinkten Seiten ist jedoch ohne konkrete Anhaltspunkte einer Rechtsverletzung nicht zumutbar.<br \/>\nBei Bekanntwerden von Rechtsverletzungen werden wir derartige Links umgehend entfernen.<\/p>\n<p>Urheberrecht<br \/>\nDie durch die Seitenbetreiber erstellten Inhalte und Werke auf diesen Seiten unterliegen dem deutschen Urheberrecht.<br \/>\nDie Vervielf\u00e4ltigung, Bearbeitung, Verbreitung und jede Art der Verwertung au\u00dferhalb der Grenzen des Urheberrechtes bed\u00fcrfen der schriftlichen Zustimmung des jeweiligen Autors bzw. Erstellers.<br \/>\nDownloads und Kopien dieser Seite sind nur f\u00fcr den privaten, nicht kommerziellen Gebrauch gestattet.<br \/>\nSoweit die Inhalte auf dieser Seite nicht vom Betreiber erstellt wurden, werden die Urheberrechte Dritter beachtet.<br \/>\nInsbesondere werden Inhalte Dritter als solche gekennzeichnet.<br \/>\nSollten Sie trotzdem auf eine Urheberrechtsverletzung aufmerksam werden, bitten wir um einen entsprechenden Hinweis.<br \/>\nBei Bekanntwerden von Rechtsverletzungen werden wir derartige Inhalte umgehend entfernen.<\/p>\n<p>Quelle: e-recht24.de<\/p>\n<p>Diese Seite verwendet Bilder der Datenbanken iStock Photos:<br \/>\n469916170 &#8211; BraunS<br \/>\n856952836 &#8211; Ridofranz<br \/>\n517270486 &#8211; grinvalds<br \/>\n1414221690 &#8211; anyaivanova<br \/>\n1485759735 &#8211; dimid_86<br \/>\n1180062212 &#8211; miljko<br \/>\n459442977 &#8211; John Sommer<br \/>\n1456542548 &#8211; mladenbalinovac<br \/>\n187438931 &#8211; bluecinema<br \/>\n1443199153 &#8211; dimid_86<br \/>\n1197824550 &#8211; dimid_86<br \/>\n628858332 &#8211; KoliadzynskaIryna<br \/>\n1459235752 &#8211; Oat_Phawat<br \/>\nPerson-Icon &#8211; Vzy Icons<\/p>\n","protected":false},"excerpt":{"rendered":"<p>Impressum Angaben gem\u00e4\u00df \u00a7 5 TMG: Melanie&#8217;s Kosmetik Konzept Melanie Wildner Schillerstra\u00dfe 5 63785 Obernburg Kontakt Telefon: 06022 \/ 6514686 E-Mail: melanieschuster1979@web.de EU-Streitschlichtung Die Europ\u00e4ische Kommission stellt eine Plattform zur Online-Streitbeilegung (OS) bereit: https:\/\/ec.europa.eu\/consumers\/odr. Unsere E-Mail-Adresse finden Sie oben im Impressum. Verbraucherstreitbeilegung \/ Universalschlichtungsstelle Wir sind nicht bereit oder verpflichtet, an Streitbeilegungsverfahren vor einer Verbraucherschlichtungsstelle [&hellip;]<\/p>\n","protected":false},"author":1,"featured_media":0,"parent":0,"menu_order":0,"comment_status":"closed","ping_status":"closed","template":"","meta":{"footnotes":""},"class_list":["post-1281","page","type-page","status-publish","hentry"],"_links":{"self":[{"href":"https:\/\/www.make-up-artist-melanie.de\/v112020\/wp-json\/wp\/v2\/pages\/1281","targetHints":{"allow":["GET"]}}],"collection":[{"href":"https:\/\/www.make-up-artist-melanie.de\/v112020\/wp-json\/wp\/v2\/pages"}],"about":[{"href":"https:\/\/www.make-up-artist-melanie.de\/v112020\/wp-json\/wp\/v2\/types\/page"}],"author":[{"embeddable":true,"href":"https:\/\/www.make-up-artist-melanie.de\/v112020\/wp-json\/wp\/v2\/users\/1"}],"replies":[{"embeddable":true,"href":"https:\/\/www.make-up-artist-melanie.de\/v112020\/wp-json\/wp\/v2\/comments?post=1281"}],"version-history":[{"count":4,"href":"https:\/\/www.make-up-artist-melanie.de\/v112020\/wp-json\/wp\/v2\/pages\/1281\/revisions"}],"predecessor-version":[{"id":2978,"href":"https:\/\/www.make-up-artist-melanie.de\/v112020\/wp-json\/wp\/v2\/pages\/1281\/revisions\/2978"}],"wp:attachment":[{"href":"https:\/\/www.make-up-artist-melanie.de\/v112020\/wp-json\/wp\/v2\/media?parent=1281"}],"curies":[{"name":"wp","href":"https:\/\/api.w.org\/{rel}","templated":true}]}}